{"id":133714,"date":"2020-01-24T11:51:25","date_gmt":"2020-01-24T09:51:25","guid":{"rendered":"https:\/\/www.transportcaini.com.ro\/?page_id=133714"},"modified":"2022-01-29T14:51:10","modified_gmt":"2022-01-29T12:51:10","slug":"oferim-transport-international-pentru-caini-si-pisici-in-urmatoarele-tari-ungaria-budapesta-austria-toate-orasele-germania-toate-orasele-olanda-toate-orasele-belgia-toate-orasele-fran","status":"publish","type":"page","link":"https:\/\/www.transportcaini.com.ro\/en\/","title":{"rendered":"Acasa"},"content":{"rendered":"[vc_row][vc_column][vc_column_text][\/vc_column_text][\/vc_column][\/vc_row][vc_row full_width=&#8221;stretch_row_content_no_spaces&#8221; el_class=&#8221;acasa&#8221; el_id=&#8221;acasa&#8221;][vc_column offset=&#8221;vc_hidden-xs&#8221;][vc_single_image image=&#8221;134012&#8243; img_size=&#8221;full&#8221; alignment=&#8221;center&#8221;][\/vc_column][\/vc_row][vc_row full_width=&#8221;stretch_row_content_no_spaces&#8221; el_class=&#8221;acasa&#8221; el_id=&#8221;acasa&#8221;][vc_column offset=&#8221;vc_hidden-lg vc_hidden-md vc_hidden-sm&#8221;][vc_single_image image=&#8221;134051&#8243; img_size=&#8221;full&#8221; alignment=&#8221;center&#8221;][\/vc_column][\/vc_row][vc_row][vc_column offset=&#8221;vc_hidden-md vc_hidden-sm vc_hidden-xs&#8221;][vc_single_image image=&#8221;134008&#8243; img_size=&#8221;full&#8221; alignment=&#8221;center&#8221;][\/vc_column][\/vc_row][vc_row][vc_column offset=&#8221;vc_hidden-lg vc_hidden-xs&#8221;][vc_single_image image=&#8221;134009&#8243; img_size=&#8221;full&#8221; alignment=&#8221;center&#8221;][\/vc_column][\/vc_row][vc_row][vc_column offset=&#8221;vc_hidden-lg vc_hidden-md vc_hidden-sm&#8221;][vc_single_image image=&#8221;134010&#8243; img_size=&#8221;full&#8221; alignment=&#8221;center&#8221;][\/vc_column][\/vc_row][vc_row][vc_column][vc_column_text]\n<h3 style=\"text-align: center;\"><span style=\"color: #000000;\"><strong>With us, no member of your family is left behind!<\/strong><\/span><\/h3>\n<p><span style=\"color: #000000;\"><strong>Our international animal transport service has taken shape out of love and care for the cutest beings among us. And when passion is intertwined with work, the result can only be: EX-CE-SLOW.<\/strong><\/span><br \/>\n<span style=\"color: #000000;\"><strong>Why? First of all, we take every trip seriously. We understand and follow strict animal transport instructions, being aware of their needs. <\/strong><\/span><\/p>\n<p><span style=\"color: #000000;\"><strong>We constantly make the effort to be there, next to them, always. Thanks to the experience gained, we know both their fears and yours. Because yes, we know you want the best for your non-speaking friend. And that&#8217;s why we exist!<\/strong><\/span><\/p>\n<p><span style=\"color: #000000;\"><strong>We always strive to be superlative. For this reason, the first thing we took into account was the choice of a fleet of vans adapted for transporting animals, which would offer them complete comfort along the way.<\/strong><\/span><\/p>\n<p><span style=\"color: #000000;\"><strong>Therefore, each vehicle is ANSVSA authorized and has an air conditioning system. In this way, your companion travels in optimal conditions, relaxed and happy!<\/strong><\/span><br \/>\n<span style=\"color: #000000;\"><strong>We find the shortest possible travel route and set off cheerfully on the road. Of course, we consider frequent stops for toilet, water and walking, so that all pets are transported as safely and comfortably as possible. We offer the attention and care they deserve, so that you can have peace of mind, knowing that your precious being is in good hands.<\/strong><\/span><\/p>\n<p><span style=\"color: #000000;\"><strong>Every transport requires special attention from us. Health certificates, permits and requirements vary from country to country. We are with you during the entire relocation process and we take care of all the transport details.<\/strong><\/span><\/p>\n<p><span style=\"color: #000000;\"><strong>We are all animal lovers, with four-legged friends. We know how stressful it can be when you break up with your good friend, even for a short time. For this reason, we are constantly in touch with you, to ensure that we do everything with passion and dedication to the mission we have chosen.<\/strong><\/span><\/p>\n<p><span style=\"color: #000000;\"><strong>We are here to help you make the best decisions when it comes to your pet. We do our job primarily with the soul and we like to consider ourselves the second family for him.<\/strong><\/span>[\/vc_column_text][vc_empty_space][\/vc_column][\/vc_row][vc_row][vc_column width=&#8221;1\/2&#8243;][vc_single_image image=&#8221;134017&#8243; img_size=&#8221;full&#8221; alignment=&#8221;center&#8221; onclick=&#8221;custom_link&#8221; link=&#8221;https:\/\/www.transportcaini.com.ro\/en\/pet-transportation-for-dogs-and-cats-to-england\/&#8221; css=&#8221;.vc_custom_1580116163821{border-top-width: 1px !important;border-right-width: 1px !important;border-bottom-width: 1px !important;border-left-width: 1px !important;padding-top: 2px !important;padding-right: 2px !important;padding-bottom: 2px !important;padding-left: 2px !important;border-left-color: #5eab16 !important;border-left-style: groove !important;border-right-color: #5eab16 !important;border-right-style: groove !important;border-top-color: #5eab16 !important;border-top-style: groove !important;border-bottom-color: #5eab16 !important;border-bottom-style: groove !important;}&#8221;][vc_single_image image=&#8221;134021&#8243; img_size=&#8221;full&#8221; alignment=&#8221;center&#8221; onclick=&#8221;custom_link&#8221; link=&#8221;https:\/\/www.transportcaini.com.ro\/en\/pet-transportation-for-dogs-and-cats-to-belgium\/&#8221; css=&#8221;.vc_custom_1580116293786{padding: 3px !important;border: 1px groove #5eab16 !important;}&#8221;][vc_single_image image=&#8221;134027&#8243; img_size=&#8221;full&#8221; alignment=&#8221;center&#8221; onclick=&#8221;custom_link&#8221; link=&#8221;https:\/\/www.transportcaini.com.ro\/en\/pet-transportation-for-dogs-and-cats-to-france\/&#8221; css=&#8221;.vc_custom_1580116205170{padding: 3px !important;border: 1px groove #5eab16 !important;}&#8221;][vc_single_image image=&#8221;134031&#8243; img_size=&#8221;full&#8221; alignment=&#8221;center&#8221; onclick=&#8221;custom_link&#8221; link=&#8221;https:\/\/www.transportcaini.com.ro\/en\/pet-transportation-for-dogs-and-cats-to-netherlands\/&#8221; css=&#8221;.vc_custom_1580116218043{padding: 3px !important;border: 1px groove #5eab16 !important;}&#8221;][\/vc_column][vc_column width=&#8221;1\/2&#8243;][vc_single_image image=&#8221;134019&#8243; img_size=&#8221;full&#8221; alignment=&#8221;center&#8221; onclick=&#8221;custom_link&#8221; link=&#8221;https:\/\/www.transportcaini.com.ro\/en\/pet-transportation-for-dogs-and-cats-to-austria\/&#8221; css=&#8221;.vc_custom_1580116170559{border-top-width: 1px !important;border-right-width: 1px !important;border-bottom-width: 1px !important;border-left-width: 1px !important;padding-top: 3px !important;padding-right: 3px !important;padding-bottom: 3px !important;padding-left: 3px !important;border-left-color: #5eab16 !important;border-left-style: groove !important;border-right-color: #5eab16 !important;border-right-style: groove !important;border-top-color: #5eab16 !important;border-top-style: groove !important;border-bottom-color: #5eab16 !important;border-bottom-style: groove !important;}&#8221;][vc_single_image image=&#8221;134029&#8243; img_size=&#8221;full&#8221; alignment=&#8221;center&#8221; onclick=&#8221;custom_link&#8221; link=&#8221;https:\/\/www.transportcaini.com.ro\/en\/pet-transportation-for-dogs-and-cats-to-germany\/&#8221; css=&#8221;.vc_custom_1580116247228{padding: 3px !important;border: 1px groove #5eab16 !important;}&#8221;][vc_single_image image=&#8221;134033&#8243; img_size=&#8221;full&#8221; alignment=&#8221;center&#8221; onclick=&#8221;custom_link&#8221; link=&#8221;https:\/\/www.transportcaini.com.ro\/en\/pet-transportation-for-dogs-and-cats-to-hungary\/&#8221; css=&#8221;.vc_custom_1580116261460{padding: 3px !important;border: 1px groove #5eab16 !important;}&#8221;][\/vc_column][\/vc_row][vc_row][vc_column][vc_column_text][\/vc_column_text][\/vc_column][\/vc_row]","protected":false},"excerpt":{"rendered":"[vc_row][vc_column][vc_column_text][\/vc_column_text][\/vc_column][\/vc_row][vc_row full_width=&#8221;stretch_row_content_no_spaces&#8221; el_class=&#8221;acasa&#8221; el_id=&#8221;acasa&#8221;][vc_column offset=&#8221;vc_hidden-xs&#8221;][vc_single_image image=&#8221;134012&#8243; img_size=&#8221;full&#8221; alignment=&#8221;center&#8221;][\/vc_column][\/vc_row][vc_row full_width=&#8221;stretch_row_content_no_spaces&#8221; el_class=&#8221;acasa&#8221; el_id=&#8221;acasa&#8221;][vc_column offset=&#8221;vc_hidden-lg vc_hidden-md vc_hidden-sm&#8221;][vc_single_image image=&#8221;134051&#8243; img_size=&#8221;full&#8221; alignment=&#8221;center&#8221;][\/vc_column][\/vc_row][vc_row][vc_column offset=&#8221;vc_hidden-md vc_hidden-sm vc_hidden-xs&#8221;][vc_single_image image=&#8221;134008&#8243; img_size=&#8221;full&#8221; alignment=&#8221;center&#8221;][\/vc_column][\/vc_row][vc_row][vc_column offset=&#8221;vc_hidden-lg vc_hidden-xs&#8221;][vc_single_image image=&#8221;134009&#8243; img_size=&#8221;full&#8221; alignment=&#8221;center&#8221;][\/vc_column][\/vc_row][vc_row][vc_column offset=&#8221;vc_hidden-lg vc_hidden-md vc_hidden-sm&#8221;][vc_single_image image=&#8221;134010&#8243; img_size=&#8221;full&#8221; alignment=&#8221;center&#8221;][\/vc_column][\/vc_row][vc_row][vc_column][vc_column_text] With us, no member of your family is left behind! Our international animal transport service has taken shape out of love [&#8230;]\n","protected":false},"author":1,"featured_media":133797,"parent":0,"menu_order":0,"comment_status":"closed","ping_status":"closed","template":"","meta":{"_exactmetrics_skip_tracking":false,"_exactmetrics_sitenote_active":false,"_exactmetrics_sitenote_note":"","_exactmetrics_sitenote_category":0},"yoast_head":"<!-- This site is optimized with the Yoast SEO plugin v18.1 - https:\/\/yoast.com\/wordpress\/plugins\/seo\/ -->\n<title>Transport de animale caini \u0219i pisici international in europa<\/title>\n<meta name=\"description\" content=\"Oferim transport interna\u021bional pentru c\u00e2ini \u0219i pisici \u00een urm\u0103toarele \u021b\u0103ri : Ungaria - Budapesta, Austria (Toate ora\u0219ele), Germania (Toate ora\u0219ele), Olanda (Toate ora\u0219ele), Belgia (Toate ora\u0219ele), Fran\u021ba (Toate ora\u0219ele), Anglia (Toate ora\u0219ele), \u021aar\u0103 Galilor (Toate ora\u0219ele), Sco\u021bia (Toate ora\u0219ele), Irlanda (Se poate aduce p\u00e2n\u0103 \u00een UK la feribotul care aduce \u00een Irlanda)\" \/>\n<meta name=\"robots\" content=\"index, follow, max-snippet:-1, max-image-preview:large, max-video-preview:-1\" \/>\n<link rel=\"canonical\" href=\"https:\/\/www.transportcaini.com.ro\" \/>\n<meta property=\"og:locale\" content=\"en_US\" \/>\n<meta property=\"og:type\" content=\"article\" \/>\n<meta property=\"og:title\" content=\"Transport de animale caini \/ pisici international in europa\" \/>\n<meta property=\"og:description\" content=\"Oferim transport interna\u021bional pentru c\u00e2ini \u0219i pisici \u00een urm\u0103toarele \u021b\u0103ri : Ungaria - Budapesta, Austria (Toate ora\u0219ele), Germania (Toate ora\u0219ele), Olanda (Toate ora\u0219ele), Belgia (Toate ora\u0219ele), Fran\u021ba (Toate ora\u0219ele), Anglia (Toate ora\u0219ele), \u021aar\u0103 Galilor (Toate ora\u0219ele), Sco\u021bia (Toate ora\u0219ele), Irlanda (Se poate aduce p\u00e2n\u0103 \u00een UK la feribotul care aduce \u00een Irlanda)\" \/>\n<meta property=\"og:url\" content=\"https:\/\/www.transportcaini.com.ro\" \/>\n<meta property=\"og:site_name\" content=\"International transportation of pets ( dogs and cats )\" \/>\n<meta property=\"article:modified_time\" content=\"2022-01-29T12:51:10+00:00\" \/>\n<meta property=\"og:image\" content=\"https:\/\/www.transportcaini.com.ro\/wp-content\/uploads\/Slider.jpg\" \/>\n\t<meta property=\"og:image:width\" content=\"1920\" \/>\n\t<meta property=\"og:image:height\" content=\"696\" \/>\n\t<meta property=\"og:image:type\" content=\"image\/jpeg\" \/>\n<meta name=\"twitter:card\" content=\"summary_large_image\" \/>\n<meta name=\"twitter:label1\" content=\"Est. reading time\" \/>\n\t<meta name=\"twitter:data1\" content=\"7 minutes\" \/>\n<script type=\"application\/ld+json\" class=\"yoast-schema-graph\">{\"@context\":\"https:\/\/schema.org\",\"@graph\":[{\"@type\":\"Organization\",\"@id\":\"https:\/\/www.transportcaini.com.ro\/#organization\",\"name\":\"SC ALL4DOGS TEAM SRL\",\"url\":\"https:\/\/www.transportcaini.com.ro\/\",\"sameAs\":[],\"logo\":{\"@type\":\"ImageObject\",\"@id\":\"https:\/\/www.transportcaini.com.ro\/#logo\",\"inLanguage\":\"en-US\",\"url\":\"https:\/\/www.transportcaini.com.ro\/wp-content\/uploads\/logo.png\",\"contentUrl\":\"https:\/\/www.transportcaini.com.ro\/wp-content\/uploads\/logo.png\",\"width\":1815,\"height\":394,\"caption\":\"SC ALL4DOGS TEAM SRL\"},\"image\":{\"@id\":\"https:\/\/www.transportcaini.com.ro\/#logo\"}},{\"@type\":\"WebSite\",\"@id\":\"https:\/\/www.transportcaini.com.ro\/#website\",\"url\":\"https:\/\/www.transportcaini.com.ro\/\",\"name\":\"International transportation of pets ( dogs and cats )\",\"description\":\"\",\"publisher\":{\"@id\":\"https:\/\/www.transportcaini.com.ro\/#organization\"},\"potentialAction\":[{\"@type\":\"SearchAction\",\"target\":{\"@type\":\"EntryPoint\",\"urlTemplate\":\"https:\/\/www.transportcaini.com.ro\/?s={search_term_string}\"},\"query-input\":\"required name=search_term_string\"}],\"inLanguage\":\"en-US\"},{\"@type\":\"ImageObject\",\"@id\":\"https:\/\/www.transportcaini.com.ro#primaryimage\",\"inLanguage\":\"en-US\",\"url\":\"https:\/\/www.transportcaini.com.ro\/wp-content\/uploads\/Slider.jpg\",\"contentUrl\":\"https:\/\/www.transportcaini.com.ro\/wp-content\/uploads\/Slider.jpg\",\"width\":1920,\"height\":696},{\"@type\":\"WebPage\",\"@id\":\"https:\/\/www.transportcaini.com.ro#webpage\",\"url\":\"https:\/\/www.transportcaini.com.ro\",\"name\":\"Transport de animale caini \u0219i pisici international in europa\",\"isPartOf\":{\"@id\":\"https:\/\/www.transportcaini.com.ro\/#website\"},\"primaryImageOfPage\":{\"@id\":\"https:\/\/www.transportcaini.com.ro#primaryimage\"},\"datePublished\":\"2020-01-24T09:51:25+00:00\",\"dateModified\":\"2022-01-29T12:51:10+00:00\",\"description\":\"Oferim transport interna\u021bional pentru c\u00e2ini \u0219i pisici \u00een urm\u0103toarele \u021b\u0103ri : Ungaria - Budapesta, Austria (Toate ora\u0219ele), Germania (Toate ora\u0219ele), Olanda (Toate ora\u0219ele), Belgia (Toate ora\u0219ele), Fran\u021ba (Toate ora\u0219ele), Anglia (Toate ora\u0219ele), \u021aar\u0103 Galilor (Toate ora\u0219ele), Sco\u021bia (Toate ora\u0219ele), Irlanda (Se poate aduce p\u00e2n\u0103 \u00een UK la feribotul care aduce \u00een Irlanda)\",\"breadcrumb\":{\"@id\":\"https:\/\/www.transportcaini.com.ro#breadcrumb\"},\"inLanguage\":\"en-US\",\"potentialAction\":[{\"@type\":\"ReadAction\",\"target\":[\"https:\/\/www.transportcaini.com.ro\"]}]},{\"@type\":\"BreadcrumbList\",\"@id\":\"https:\/\/www.transportcaini.com.ro#breadcrumb\",\"itemListElement\":[{\"@type\":\"ListItem\",\"position\":1,\"name\":\"Prima pagin\u0103\",\"item\":\"https:\/\/www.transportcaini.com.ro\/\"},{\"@type\":\"ListItem\",\"position\":2,\"name\":\"Acasa\"}]}]}<\/script>\n<!-- \/ Yoast SEO plugin. -->","yoast_head_json":{"title":"Transport de animale caini \u0219i pisici international in europa","description":"Oferim transport interna\u021bional pentru c\u00e2ini \u0219i pisici \u00een urm\u0103toarele \u021b\u0103ri : Ungaria - Budapesta, Austria (Toate ora\u0219ele), Germania (Toate ora\u0219ele), Olanda (Toate ora\u0219ele), Belgia (Toate ora\u0219ele), Fran\u021ba (Toate ora\u0219ele), Anglia (Toate ora\u0219ele), \u021aar\u0103 Galilor (Toate ora\u0219ele), Sco\u021bia (Toate ora\u0219ele), Irlanda (Se poate aduce p\u00e2n\u0103 \u00een UK la feribotul care aduce \u00een Irlanda)","robots":{"index":"index","follow":"follow","max-snippet":"max-snippet:-1","max-image-preview":"max-image-preview:large","max-video-preview":"max-video-preview:-1"},"canonical":"https:\/\/www.transportcaini.com.ro","og_locale":"en_US","og_type":"article","og_title":"Transport de animale caini \/ pisici international in europa","og_description":"Oferim transport interna\u021bional pentru c\u00e2ini \u0219i pisici \u00een urm\u0103toarele \u021b\u0103ri : Ungaria - Budapesta, Austria (Toate ora\u0219ele), Germania (Toate ora\u0219ele), Olanda (Toate ora\u0219ele), Belgia (Toate ora\u0219ele), Fran\u021ba (Toate ora\u0219ele), Anglia (Toate ora\u0219ele), \u021aar\u0103 Galilor (Toate ora\u0219ele), Sco\u021bia (Toate ora\u0219ele), Irlanda (Se poate aduce p\u00e2n\u0103 \u00een UK la feribotul care aduce \u00een Irlanda)","og_url":"https:\/\/www.transportcaini.com.ro","og_site_name":"International transportation of pets ( dogs and cats )","article_modified_time":"2022-01-29T12:51:10+00:00","og_image":[{"width":1920,"height":696,"url":"https:\/\/www.transportcaini.com.ro\/wp-content\/uploads\/Slider.jpg","type":"image\/jpeg"}],"twitter_card":"summary_large_image","twitter_misc":{"Est. reading time":"7 minutes"},"schema":{"@context":"https:\/\/schema.org","@graph":[{"@type":"Organization","@id":"https:\/\/www.transportcaini.com.ro\/#organization","name":"SC ALL4DOGS TEAM SRL","url":"https:\/\/www.transportcaini.com.ro\/","sameAs":[],"logo":{"@type":"ImageObject","@id":"https:\/\/www.transportcaini.com.ro\/#logo","inLanguage":"en-US","url":"https:\/\/www.transportcaini.com.ro\/wp-content\/uploads\/logo.png","contentUrl":"https:\/\/www.transportcaini.com.ro\/wp-content\/uploads\/logo.png","width":1815,"height":394,"caption":"SC ALL4DOGS TEAM SRL"},"image":{"@id":"https:\/\/www.transportcaini.com.ro\/#logo"}},{"@type":"WebSite","@id":"https:\/\/www.transportcaini.com.ro\/#website","url":"https:\/\/www.transportcaini.com.ro\/","name":"International transportation of pets ( dogs and cats )","description":"","publisher":{"@id":"https:\/\/www.transportcaini.com.ro\/#organization"},"potentialAction":[{"@type":"SearchAction","target":{"@type":"EntryPoint","urlTemplate":"https:\/\/www.transportcaini.com.ro\/?s={search_term_string}"},"query-input":"required name=search_term_string"}],"inLanguage":"en-US"},{"@type":"ImageObject","@id":"https:\/\/www.transportcaini.com.ro#primaryimage","inLanguage":"en-US","url":"https:\/\/www.transportcaini.com.ro\/wp-content\/uploads\/Slider.jpg","contentUrl":"https:\/\/www.transportcaini.com.ro\/wp-content\/uploads\/Slider.jpg","width":1920,"height":696},{"@type":"WebPage","@id":"https:\/\/www.transportcaini.com.ro#webpage","url":"https:\/\/www.transportcaini.com.ro","name":"Transport de animale caini \u0219i pisici international in europa","isPartOf":{"@id":"https:\/\/www.transportcaini.com.ro\/#website"},"primaryImageOfPage":{"@id":"https:\/\/www.transportcaini.com.ro#primaryimage"},"datePublished":"2020-01-24T09:51:25+00:00","dateModified":"2022-01-29T12:51:10+00:00","description":"Oferim transport interna\u021bional pentru c\u00e2ini \u0219i pisici \u00een urm\u0103toarele \u021b\u0103ri : Ungaria - Budapesta, Austria (Toate ora\u0219ele), Germania (Toate ora\u0219ele), Olanda (Toate ora\u0219ele), Belgia (Toate ora\u0219ele), Fran\u021ba (Toate ora\u0219ele), Anglia (Toate ora\u0219ele), \u021aar\u0103 Galilor (Toate ora\u0219ele), Sco\u021bia (Toate ora\u0219ele), Irlanda (Se poate aduce p\u00e2n\u0103 \u00een UK la feribotul care aduce \u00een Irlanda)","breadcrumb":{"@id":"https:\/\/www.transportcaini.com.ro#breadcrumb"},"inLanguage":"en-US","potentialAction":[{"@type":"ReadAction","target":["https:\/\/www.transportcaini.com.ro"]}]},{"@type":"BreadcrumbList","@id":"https:\/\/www.transportcaini.com.ro#breadcrumb","itemListElement":[{"@type":"ListItem","position":1,"name":"Prima pagin\u0103","item":"https:\/\/www.transportcaini.com.ro\/"},{"@type":"ListItem","position":2,"name":"Acasa"}]}]}},"_links":{"self":[{"href":"https:\/\/www.transportcaini.com.ro\/en\/wp-json\/wp\/v2\/pages\/133714"}],"collection":[{"href":"https:\/\/www.transportcaini.com.ro\/en\/wp-json\/wp\/v2\/pages"}],"about":[{"href":"https:\/\/www.transportcaini.com.ro\/en\/wp-json\/wp\/v2\/types\/page"}],"author":[{"embeddable":true,"href":"https:\/\/www.transportcaini.com.ro\/en\/wp-json\/wp\/v2\/users\/1"}],"replies":[{"embeddable":true,"href":"https:\/\/www.transportcaini.com.ro\/en\/wp-json\/wp\/v2\/comments?post=133714"}],"version-history":[{"count":28,"href":"https:\/\/www.transportcaini.com.ro\/en\/wp-json\/wp\/v2\/pages\/133714\/revisions"}],"predecessor-version":[{"id":134243,"href":"https:\/\/www.transportcaini.com.ro\/en\/wp-json\/wp\/v2\/pages\/133714\/revisions\/134243"}],"wp:featuredmedia":[{"embeddable":true,"href":"https:\/\/www.transportcaini.com.ro\/en\/wp-json\/wp\/v2\/media\/133797"}],"wp:attachment":[{"href":"https:\/\/www.transportcaini.com.ro\/en\/wp-json\/wp\/v2\/media?parent=133714"}],"curies":[{"name":"wp","href":"https:\/\/api.w.org\/{rel}","templated":true}]}}