{"id":133730,"date":"2020-01-24T11:54:55","date_gmt":"2020-01-24T09:54:55","guid":{"rendered":"https:\/\/www.transportcaini.com.ro\/?page_id=133730"},"modified":"2021-08-04T12:15:07","modified_gmt":"2021-08-04T10:15:07","slug":"transport-caini-si-pisici-anglia","status":"publish","type":"page","link":"https:\/\/www.transportcaini.com.ro\/en\/pet-transportation-for-dogs-and-cats-to-england\/","title":{"rendered":"Pet transportation for dogs and cats to England"},"content":{"rendered":"[vc_row][vc_column][vc_column_text][\/vc_column_text][\/vc_column][\/vc_row][vc_row][vc_column][vc_column_text][\/vc_column_text][\/vc_column][\/vc_row][vc_row][vc_column][vc_single_image image=&#8221;134017&#8243; img_size=&#8221;full&#8221; alignment=&#8221;center&#8221; style=&#8221;vc_box_shadow_3d&#8221;][\/vc_column][\/vc_row][vc_row][vc_column][vc_column_text]\n<h3 style=\"text-align: center;\"><span style=\"color: #000000;\"><strong><span class=\"tlid-translation translation\" lang=\"en\"><span class=\"\" title=\"\">We are fully qualified drivers and pet lovers, providing pet and dog door-to-door transportation to the UK from Romania and even to Ireland or UK to Romania<\/span><\/span>.<\/strong><\/span><\/h3>\n<p><span style=\"color: #000000;\">Because we rely on exigency in terms of the service we offer, we use only authorized vehicles, designed to provide absolute comfort to puppies or cats.<br \/>\nGoing with us on the road, you will always find a united team dedicated to its goal of ensuring the health of your pets. Love and attachment to animals is the basis of our team. .<br \/>\nWe are motivated primarily by the love of animals. At your request, we have diversified the range of services and expanded the possibility of international transport for dogs and cats to and from the UK or even Ireland.<br \/>\nYou, along with the pets, are the ones who helped us grow. We managed to understand the peculiarities of dog or cat breeds, to know their behavioral habits and their desire for affection. So we provide them with all the comfort during the trip, we constantly monitor them and we are with them, so that they never feel alone.<br \/>\nWe want every pet to receive all the socialization and attention it needs, so we treat them with the same care, responsibility and love as if they were our own. <\/span>[\/vc_column_text][\/vc_column][\/vc_row][vc_row css=&#8221;.vc_custom_1580114864104{border-top-width: 1px !important;border-right-width: 1px !important;border-bottom-width: 1px !important;border-left-width: 1px !important;border-left-color: #06745f !important;border-left-style: dashed !important;border-right-color: #06745f !important;border-right-style: dashed !important;border-top-color: #06745f !important;border-top-style: dashed !important;border-bottom-color: #06745f !important;border-bottom-style: dashed !important;border-radius: 3px !important;}&#8221;][vc_column][vc_column_text]\n<h4 style=\"text-align: center;\"><span style=\"color: #06745f;\"><strong>GOOD TO KNOW before transporting your dog or cat to the United Kingdom (UK) in Romania and even in Ireland or the United Kingdom (UK) to Romania<\/strong><\/span><\/h4>\n<ol>\n<li><span style=\"color: #000000;\">No pet, dog or cat, can travel outside Romania\/UK\/Ireland without a valid International Passport.<\/span><\/li>\n<li><span style=\"color: #000000;\">The dog or cat can leave the country, according to the legislation in force, only after reaching the age of 4 months and only after being microchipped and vaccinated with rabies.<\/span><\/li>\n<li><span style=\"color: #000000;\">Due to implantation of the microchip it must be before the date of rabies vaccination<\/span><\/li>\n<li><span style=\"color: #000000;\">The rabies vaccine should be made at least 21 days before the scheduled start date. It must be written with a pen, it must be signed and paraphrased and it must have a round stamp and secure foil.<\/span><\/li>\n<li><span style=\"color: #000000;\">On the day of departure or 24 hours before, the dog or cat must be internally and externally debased and undergo a clinical examination. All these data must be found in the Passport of the animal<\/span><\/li>\n<li><span style=\"color: #000000;\">5 days before the trip we will need all this data to be able to complete in the International Traces System<\/span><\/li>\n<li><span style=\"color: #000000;\">Please note that without this information, pets cannot be transported!<\/span><\/li>\n<\/ol>\n[\/vc_column_text][vc_empty_space][\/vc_column][\/vc_row][vc_row][vc_column][vc_column_text][\/vc_column_text][\/vc_column][\/vc_row][vc_row][vc_column][vc_column_text][\/vc_column_text][\/vc_column][\/vc_row]","protected":false},"excerpt":{"rendered":"[vc_row][vc_column][vc_column_text][\/vc_column_text][\/vc_column][\/vc_row][vc_row][vc_column][vc_column_text][\/vc_column_text][\/vc_column][\/vc_row][vc_row][vc_column][vc_single_image image=&#8221;134017&#8243; img_size=&#8221;full&#8221; alignment=&#8221;center&#8221; style=&#8221;vc_box_shadow_3d&#8221;][\/vc_column][\/vc_row][vc_row][vc_column][vc_column_text] We are fully qualified drivers and pet lovers, providing pet and dog door-to-door transportation to the UK from Romania and even to Ireland or UK to Romania. Because we rely on exigency in terms of the service we offer, we use only authorized vehicles, designed to provide absolute comfort to [&#8230;]\n","protected":false},"author":1,"featured_media":134017,"parent":0,"menu_order":0,"comment_status":"closed","ping_status":"closed","template":"page-blank-title-center.php","meta":{"_exactmetrics_skip_tracking":false,"_exactmetrics_sitenote_active":false,"_exactmetrics_sitenote_note":"","_exactmetrics_sitenote_category":0},"yoast_head":"<!-- This site is optimized with the Yoast SEO plugin v18.1 - https:\/\/yoast.com\/wordpress\/plugins\/seo\/ -->\n<title>Pet transportation for dogs and cats to England &bull; International transportation of pets ( dogs and cats )<\/title>\n<meta name=\"description\" content=\"Suntem \u0219oferi pe deplin califica\u021bi \u0219i iubitori de animale de companie, care asigur\u0103 transportul pentru animale de companie c\u00e2ini \u0219i pisici door to door c\u0103tre Marea Britanie ( UK ) din Rom\u00e2nia \u0219i chiar \u00een Irlanda sau din Marea Britanie ( UK ) c\u0103tre Rom\u00e2nia\" \/>\n<meta name=\"robots\" content=\"index, follow, max-snippet:-1, max-image-preview:large, max-video-preview:-1\" \/>\n<link rel=\"canonical\" href=\"https:\/\/www.transportcaini.com.ro\/transport-caini-si-pisici-anglia\/\" \/>\n<meta property=\"og:locale\" content=\"en_US\" \/>\n<meta property=\"og:type\" content=\"article\" \/>\n<meta property=\"og:title\" content=\"Transport c\u00e2ini \u0219i pisici in Anglia ( UK )\" \/>\n<meta property=\"og:description\" content=\"Suntem \u0219oferi pe deplin califica\u021bi \u0219i iubitori de animale de companie, care asigur\u0103 transportul pentru animale de companie c\u00e2ini \u0219i pisici door to door c\u0103tre Marea Britanie ( UK ) din Rom\u00e2nia \u0219i chiar \u00een Irlanda sau din Marea Britanie ( UK ) c\u0103tre Rom\u00e2nia\" \/>\n<meta property=\"og:url\" content=\"https:\/\/www.transportcaini.com.ro\/transport-caini-si-pisici-anglia\/\" \/>\n<meta property=\"og:site_name\" content=\"International transportation of pets ( dogs and cats )\" \/>\n<meta property=\"article:modified_time\" content=\"2021-08-04T10:15:07+00:00\" \/>\n<meta property=\"og:image\" content=\"https:\/\/www.transportcaini.com.ro\/wp-content\/uploads\/Transport-caini-si-pisici-in-Anglia.jpg\" \/>\n\t<meta property=\"og:image:width\" content=\"1980\" \/>\n\t<meta property=\"og:image:height\" content=\"400\" \/>\n\t<meta property=\"og:image:type\" content=\"image\/jpeg\" \/>\n<meta name=\"twitter:card\" content=\"summary_large_image\" \/>\n<meta name=\"twitter:label1\" content=\"Est. reading time\" \/>\n\t<meta name=\"twitter:data1\" content=\"4 minutes\" \/>\n<script type=\"application\/ld+json\" class=\"yoast-schema-graph\">{\"@context\":\"https:\/\/schema.org\",\"@graph\":[{\"@type\":\"Organization\",\"@id\":\"https:\/\/www.transportcaini.com.ro\/#organization\",\"name\":\"SC ALL4DOGS TEAM SRL\",\"url\":\"https:\/\/www.transportcaini.com.ro\/\",\"sameAs\":[],\"logo\":{\"@type\":\"ImageObject\",\"@id\":\"https:\/\/www.transportcaini.com.ro\/#logo\",\"inLanguage\":\"en-US\",\"url\":\"https:\/\/www.transportcaini.com.ro\/wp-content\/uploads\/logo.png\",\"contentUrl\":\"https:\/\/www.transportcaini.com.ro\/wp-content\/uploads\/logo.png\",\"width\":1815,\"height\":394,\"caption\":\"SC ALL4DOGS TEAM SRL\"},\"image\":{\"@id\":\"https:\/\/www.transportcaini.com.ro\/#logo\"}},{\"@type\":\"WebSite\",\"@id\":\"https:\/\/www.transportcaini.com.ro\/#website\",\"url\":\"https:\/\/www.transportcaini.com.ro\/\",\"name\":\"International transportation of pets ( dogs and cats )\",\"description\":\"\",\"publisher\":{\"@id\":\"https:\/\/www.transportcaini.com.ro\/#organization\"},\"potentialAction\":[{\"@type\":\"SearchAction\",\"target\":{\"@type\":\"EntryPoint\",\"urlTemplate\":\"https:\/\/www.transportcaini.com.ro\/?s={search_term_string}\"},\"query-input\":\"required name=search_term_string\"}],\"inLanguage\":\"en-US\"},{\"@type\":\"ImageObject\",\"@id\":\"https:\/\/www.transportcaini.com.ro\/transport-caini-si-pisici-anglia\/#primaryimage\",\"inLanguage\":\"en-US\",\"url\":\"https:\/\/www.transportcaini.com.ro\/wp-content\/uploads\/Transport-caini-si-pisici-in-Anglia.jpg\",\"contentUrl\":\"https:\/\/www.transportcaini.com.ro\/wp-content\/uploads\/Transport-caini-si-pisici-in-Anglia.jpg\",\"width\":1980,\"height\":400},{\"@type\":\"WebPage\",\"@id\":\"https:\/\/www.transportcaini.com.ro\/transport-caini-si-pisici-anglia\/#webpage\",\"url\":\"https:\/\/www.transportcaini.com.ro\/transport-caini-si-pisici-anglia\/\",\"name\":\"Pet transportation for dogs and cats to England &bull; International transportation of pets ( dogs and cats )\",\"isPartOf\":{\"@id\":\"https:\/\/www.transportcaini.com.ro\/#website\"},\"primaryImageOfPage\":{\"@id\":\"https:\/\/www.transportcaini.com.ro\/transport-caini-si-pisici-anglia\/#primaryimage\"},\"datePublished\":\"2020-01-24T09:54:55+00:00\",\"dateModified\":\"2021-08-04T10:15:07+00:00\",\"description\":\"Suntem \u0219oferi pe deplin califica\u021bi \u0219i iubitori de animale de companie, care asigur\u0103 transportul pentru animale de companie c\u00e2ini \u0219i pisici door to door c\u0103tre Marea Britanie ( UK ) din Rom\u00e2nia \u0219i chiar \u00een Irlanda sau din Marea Britanie ( UK ) c\u0103tre Rom\u00e2nia\",\"breadcrumb\":{\"@id\":\"https:\/\/www.transportcaini.com.ro\/transport-caini-si-pisici-anglia\/#breadcrumb\"},\"inLanguage\":\"en-US\",\"potentialAction\":[{\"@type\":\"ReadAction\",\"target\":[\"https:\/\/www.transportcaini.com.ro\/transport-caini-si-pisici-anglia\/\"]}]},{\"@type\":\"BreadcrumbList\",\"@id\":\"https:\/\/www.transportcaini.com.ro\/transport-caini-si-pisici-anglia\/#breadcrumb\",\"itemListElement\":[{\"@type\":\"ListItem\",\"position\":1,\"name\":\"Prima pagin\u0103\",\"item\":\"https:\/\/www.transportcaini.com.ro\/\"},{\"@type\":\"ListItem\",\"position\":2,\"name\":\"Transport c\u00e2ini \u0219i pisici \u00een Anglia ( UK )\"}]}]}<\/script>\n<!-- \/ Yoast SEO plugin. -->","yoast_head_json":{"title":"Pet transportation for dogs and cats to England &bull; International transportation of pets ( dogs and cats )","description":"Suntem \u0219oferi pe deplin califica\u021bi \u0219i iubitori de animale de companie, care asigur\u0103 transportul pentru animale de companie c\u00e2ini \u0219i pisici door to door c\u0103tre Marea Britanie ( UK ) din Rom\u00e2nia \u0219i chiar \u00een Irlanda sau din Marea Britanie ( UK ) c\u0103tre Rom\u00e2nia","robots":{"index":"index","follow":"follow","max-snippet":"max-snippet:-1","max-image-preview":"max-image-preview:large","max-video-preview":"max-video-preview:-1"},"canonical":"https:\/\/www.transportcaini.com.ro\/transport-caini-si-pisici-anglia\/","og_locale":"en_US","og_type":"article","og_title":"Transport c\u00e2ini \u0219i pisici in Anglia ( UK )","og_description":"Suntem \u0219oferi pe deplin califica\u021bi \u0219i iubitori de animale de companie, care asigur\u0103 transportul pentru animale de companie c\u00e2ini \u0219i pisici door to door c\u0103tre Marea Britanie ( UK ) din Rom\u00e2nia \u0219i chiar \u00een Irlanda sau din Marea Britanie ( UK ) c\u0103tre Rom\u00e2nia","og_url":"https:\/\/www.transportcaini.com.ro\/transport-caini-si-pisici-anglia\/","og_site_name":"International transportation of pets ( dogs and cats )","article_modified_time":"2021-08-04T10:15:07+00:00","og_image":[{"width":1980,"height":400,"url":"https:\/\/www.transportcaini.com.ro\/wp-content\/uploads\/Transport-caini-si-pisici-in-Anglia.jpg","type":"image\/jpeg"}],"twitter_card":"summary_large_image","twitter_misc":{"Est. reading time":"4 minutes"},"schema":{"@context":"https:\/\/schema.org","@graph":[{"@type":"Organization","@id":"https:\/\/www.transportcaini.com.ro\/#organization","name":"SC ALL4DOGS TEAM SRL","url":"https:\/\/www.transportcaini.com.ro\/","sameAs":[],"logo":{"@type":"ImageObject","@id":"https:\/\/www.transportcaini.com.ro\/#logo","inLanguage":"en-US","url":"https:\/\/www.transportcaini.com.ro\/wp-content\/uploads\/logo.png","contentUrl":"https:\/\/www.transportcaini.com.ro\/wp-content\/uploads\/logo.png","width":1815,"height":394,"caption":"SC ALL4DOGS TEAM SRL"},"image":{"@id":"https:\/\/www.transportcaini.com.ro\/#logo"}},{"@type":"WebSite","@id":"https:\/\/www.transportcaini.com.ro\/#website","url":"https:\/\/www.transportcaini.com.ro\/","name":"International transportation of pets ( dogs and cats )","description":"","publisher":{"@id":"https:\/\/www.transportcaini.com.ro\/#organization"},"potentialAction":[{"@type":"SearchAction","target":{"@type":"EntryPoint","urlTemplate":"https:\/\/www.transportcaini.com.ro\/?s={search_term_string}"},"query-input":"required name=search_term_string"}],"inLanguage":"en-US"},{"@type":"ImageObject","@id":"https:\/\/www.transportcaini.com.ro\/transport-caini-si-pisici-anglia\/#primaryimage","inLanguage":"en-US","url":"https:\/\/www.transportcaini.com.ro\/wp-content\/uploads\/Transport-caini-si-pisici-in-Anglia.jpg","contentUrl":"https:\/\/www.transportcaini.com.ro\/wp-content\/uploads\/Transport-caini-si-pisici-in-Anglia.jpg","width":1980,"height":400},{"@type":"WebPage","@id":"https:\/\/www.transportcaini.com.ro\/transport-caini-si-pisici-anglia\/#webpage","url":"https:\/\/www.transportcaini.com.ro\/transport-caini-si-pisici-anglia\/","name":"Pet transportation for dogs and cats to England &bull; International transportation of pets ( dogs and cats )","isPartOf":{"@id":"https:\/\/www.transportcaini.com.ro\/#website"},"primaryImageOfPage":{"@id":"https:\/\/www.transportcaini.com.ro\/transport-caini-si-pisici-anglia\/#primaryimage"},"datePublished":"2020-01-24T09:54:55+00:00","dateModified":"2021-08-04T10:15:07+00:00","description":"Suntem \u0219oferi pe deplin califica\u021bi \u0219i iubitori de animale de companie, care asigur\u0103 transportul pentru animale de companie c\u00e2ini \u0219i pisici door to door c\u0103tre Marea Britanie ( UK ) din Rom\u00e2nia \u0219i chiar \u00een Irlanda sau din Marea Britanie ( UK ) c\u0103tre Rom\u00e2nia","breadcrumb":{"@id":"https:\/\/www.transportcaini.com.ro\/transport-caini-si-pisici-anglia\/#breadcrumb"},"inLanguage":"en-US","potentialAction":[{"@type":"ReadAction","target":["https:\/\/www.transportcaini.com.ro\/transport-caini-si-pisici-anglia\/"]}]},{"@type":"BreadcrumbList","@id":"https:\/\/www.transportcaini.com.ro\/transport-caini-si-pisici-anglia\/#breadcrumb","itemListElement":[{"@type":"ListItem","position":1,"name":"Prima pagin\u0103","item":"https:\/\/www.transportcaini.com.ro\/"},{"@type":"ListItem","position":2,"name":"Transport c\u00e2ini \u0219i pisici \u00een Anglia ( UK )"}]}]}},"_links":{"self":[{"href":"https:\/\/www.transportcaini.com.ro\/en\/wp-json\/wp\/v2\/pages\/133730"}],"collection":[{"href":"https:\/\/www.transportcaini.com.ro\/en\/wp-json\/wp\/v2\/pages"}],"about":[{"href":"https:\/\/www.transportcaini.com.ro\/en\/wp-json\/wp\/v2\/types\/page"}],"author":[{"embeddable":true,"href":"https:\/\/www.transportcaini.com.ro\/en\/wp-json\/wp\/v2\/users\/1"}],"replies":[{"embeddable":true,"href":"https:\/\/www.transportcaini.com.ro\/en\/wp-json\/wp\/v2\/comments?post=133730"}],"version-history":[{"count":28,"href":"https:\/\/www.transportcaini.com.ro\/en\/wp-json\/wp\/v2\/pages\/133730\/revisions"}],"predecessor-version":[{"id":134214,"href":"https:\/\/www.transportcaini.com.ro\/en\/wp-json\/wp\/v2\/pages\/133730\/revisions\/134214"}],"wp:featuredmedia":[{"embeddable":true,"href":"https:\/\/www.transportcaini.com.ro\/en\/wp-json\/wp\/v2\/media\/134017"}],"wp:attachment":[{"href":"https:\/\/www.transportcaini.com.ro\/en\/wp-json\/wp\/v2\/media?parent=133730"}],"curies":[{"name":"wp","href":"https:\/\/api.w.org\/{rel}","templated":true}]}}